{"id":3753,"date":"2020-11-25T22:05:52","date_gmt":"2020-11-26T02:05:52","guid":{"rendered":"http:\/\/www.burnttoastvinyl.com\/blog\/?page_id=3753"},"modified":"2022-03-28T20:41:59","modified_gmt":"2022-03-29T00:41:59","slug":"btv122-ufo-over-lappland-ufo-over-lappland-cd-lp","status":"publish","type":"page","link":"https:\/\/www.burnttoastvinyl.com\/blog\/?page_id=3753","title":{"rendered":"BTV122 UFO \u00d6ver Lappland : UFO \u00d6ver Lappland cd\/LP"},"content":{"rendered":"<table border=\"0\" width=\"540\" cellspacing=\"0\" cellpadding=\"5\">\n<tbody>\n<tr>\n<td valign=\"top\" width=\"39%\"><a href=\"http:\/\/www.burnttoastvinyl.com\/blog\/wp-content\/uploads\/2020\/10\/btv122ufooverlappland.jpg\"><img loading=\"lazy\" decoding=\"async\" class=\"aligncenter wp-image-3702 size-medium\" src=\"http:\/\/www.burnttoastvinyl.com\/blog\/wp-content\/uploads\/2020\/10\/btv122ufooverlappland-300x300.jpg\" alt=\"\" width=\"300\" height=\"300\" srcset=\"https:\/\/www.burnttoastvinyl.com\/blog\/wp-content\/uploads\/2020\/10\/btv122ufooverlappland-300x300.jpg 300w, https:\/\/www.burnttoastvinyl.com\/blog\/wp-content\/uploads\/2020\/10\/btv122ufooverlappland-100x100.jpg 100w, https:\/\/www.burnttoastvinyl.com\/blog\/wp-content\/uploads\/2020\/10\/btv122ufooverlappland-150x150.jpg 150w, https:\/\/www.burnttoastvinyl.com\/blog\/wp-content\/uploads\/2020\/10\/btv122ufooverlappland.jpg 600w\" sizes=\"auto, (max-width: 300px) 100vw, 300px\" \/><\/a><\/td>\n<td class=\"smallclass\" align=\"left\" valign=\"top\" width=\"61%\">UFO \u00d6ver Lappland<br>\n<em>UFO \u00d6ver Lappland<\/em> (btv122) cd\/LP<br>\n<a href=\"http:\/\/btv.foxhole.info\/btvstore\/index.php?main_page=product_info&amp;cPath=38_40&amp;products_id=1040\">Buy cd Online<\/a>&nbsp;\/&nbsp;<a href=\"https:\/\/btv.foxhole.info\/btvstore\/index.php?main_page=product_info&amp;cPath=38_39&amp;products_id=1061\">Buy LP Online<\/a><br>\nTrack listing:<br>\n<span style=\"text-decoration: underline;\">SIDE A<\/span><br>\n1. Keep On Keepin&#8217; On Space Truckin&#8217; (12:15)<br>\n2. JaEDeJaE. (7:00)<br>\n<span style=\"text-decoration: underline;\">SIDE B<\/span><br>\n1. Podsol (10:37)<br>\n2. Nothing That Lives Has&#8230; Such Eyes! (09:14)<\/td>\n<\/tr>\n<tr>\n<td colspan=\"2\" valign=\"top\"><\/td>\n<\/tr>\n<\/tbody>\n<\/table>\n\n\n<p><strong>UFO \u00d6ver Lappland<\/strong> from Ume\u00e5, Sweden are an instrumental kraut-rock band in the vein of <strong>Neu!<\/strong>,&nbsp;<strong>Amon D\u00fc\u00fcl II<\/strong>, or early <strong>Kraftwerk<\/strong>, but with some post-rock sensibilities. We&#8217;re proud to re-release UFO \u00d6ver Lappland&#8217;s self-titled debut album on <a href=\"https:\/\/btv.foxhole.info\/btvstore\/index.php?main_page=product_info&amp;cPath=38_40&amp;products_id=1062\">cd<\/a>\/<a href=\"https:\/\/btv.foxhole.info\/btvstore\/index.php?main_page=product_info&amp;cPath=38_40&amp;products_id=1061\">LP<\/a>. The original cassette sold out very quickly in Sweden and was then picked up for cd\/LP by Germany&#8217;s <strong>Sulatron Records<\/strong>. The original vinyl pressing of the album has sold out and, having listened to this album consistently for the last couple of years, we knew it needed to be re-issued in the US. For the btv version, the audio was cut to lacquer by <strong>Bob Weston<\/strong> at his <strong>Chicago Mastering Servic<\/strong>e and will be pressed on space purple\/pink swirled vinyl. Their follow-up album will be released in 2021 on Burnt Toast Vinyl,&nbsp;as well.<\/p>\n\n\n\n<blockquote class=\"wp-block-quote is-layout-flow wp-block-quote-is-layout-flow\"><p>\nWe are presented with four fairly lengthy instrumental tracks, fashioned from long jams and distilled down to these awesome songs presented here, on this their first record. The album starts with the twelve plus minute epic that is \u2018Keep On Keepin\u2019 On Space Truckin\u2019, a mission statement if ever there was one, with Hawkwind immediately springing to mind, combined with the motorik, pulsating rhythms of say Neu. The grinding, gnarled bass often doing the job of the lead guitar during some of the passages; it\u2019s heavy but not loose, propelling itself ever spaceward in a questing fashion, plenty of bubbling synth. \u2018JaeDeJae\u2019, follows this tremendous album opening song and is a little shorter being only seven minutes long, but they do cram a lot into it, sonar bleeps and controlled feedback, give way to an altogether funkier beast, a tremendous locked groove rhythm section, providing a bedrock for some fine guitar and synth playing, unlike a lot of space rock, they achieve a very focused sound, oh and it rocks like a bastard!\n\n\u2018Podzol\u2019, is more laidback, it gradually coalesces, forming an interesting piece of music, again a tight rhythm section gels and provide a bedrock for some more sonic invention, glimmering guitar tones, burbling synths, tribal drums and grinding bass, all lock together at various place to fine effect. The final song on the vinyl edition ends with \u2018Nothing That Lives&#8230;Has Such Eyes\u2019, it announces itself with another heavy, knotty, rhythm section, a real steady motorik groove is established early on, which twists and mutates a few times throughout its ten minutes, again allowing the guitar and synth to provide some fine astrally inclined melodies&#8230;As debut albums go, it\u2019s one of the finest in the genre that I\u2019ve heard, highly recommended.\n\n<\/p><cite>&#8212; Andrew Young, The Terrascope<\/cite><\/blockquote>\n\n\n\n<blockquote class=\"wp-block-quote is-layout-flow wp-block-quote-is-layout-flow\"><p>\nthe music is incredible!\n\n<\/p><cite>Bob Weston<\/cite><\/blockquote>\n","protected":false},"excerpt":{"rendered":"<p>UFO \u00d6ver Lappland UFO \u00d6ver Lappland (btv122) cd\/LP Buy cd Online&nbsp;\/&nbsp;Buy LP Online Track listing: SIDE A 1. Keep On Keepin&#8217; On Space Truckin&#8217; (12:15) 2. JaEDeJaE. (7:00) SIDE B 1. Podsol (10:37) 2. Nothing That Lives Has&#8230; Such Eyes! (09:14) UFO \u00d6ver Lappland from Ume\u00e5, Sweden are an instrumental kraut-rock band in the vein of Neu!,&nbsp;Amon D\u00fc\u00fcl II, or early Kraftwerk, but with some post-rock sensibilities. We&#8217;re proud to re-release UFO \u00d6ver Lappland&#8217;s self-titled debut album on cd\/LP. The original cassette sold out very quickly in Sweden and was then picked up for cd\/LP by Germany&#8217;s Sulatron Records. The original vinyl pressing of the album has sold out and, having listened to this album consistently for the last couple of years, we knew it needed to be re-issued in the US. For the btv version, the audio was cut to lacquer by Bob Weston at his Chicago Mastering Service and will be pressed on space purple\/pink swirled vinyl. Their follow-up album will be released in 2021 on Burnt Toast Vinyl,&nbsp;as well. We are presented with four fairly lengthy instrumental tracks, fashioned from long jams and distilled down to these awesome songs presented here, on this their first record. The&hellip;<a href=\"https:\/\/www.burnttoastvinyl.com\/blog\/?page_id=3753\" class=\"more-link\"><span class=\"more-button\">Continue reading<span class=\"screen-reader-text\">BTV122 UFO \u00d6ver Lappland : UFO \u00d6ver Lappland cd\/LP<\/span><\/span><\/a><\/p>\n","protected":false},"author":2,"featured_media":0,"parent":2970,"menu_order":0,"comment_status":"closed","ping_status":"closed","template":"","meta":{"footnotes":""},"class_list":["post-3753","page","type-page","status-publish","hentry"],"_links":{"self":[{"href":"https:\/\/www.burnttoastvinyl.com\/blog\/index.php?rest_route=\/wp\/v2\/pages\/3753","targetHints":{"allow":["GET"]}}],"collection":[{"href":"https:\/\/www.burnttoastvinyl.com\/blog\/index.php?rest_route=\/wp\/v2\/pages"}],"about":[{"href":"https:\/\/www.burnttoastvinyl.com\/blog\/index.php?rest_route=\/wp\/v2\/types\/page"}],"author":[{"embeddable":true,"href":"https:\/\/www.burnttoastvinyl.com\/blog\/index.php?rest_route=\/wp\/v2\/users\/2"}],"replies":[{"embeddable":true,"href":"https:\/\/www.burnttoastvinyl.com\/blog\/index.php?rest_route=%2Fwp%2Fv2%2Fcomments&post=3753"}],"version-history":[{"count":4,"href":"https:\/\/www.burnttoastvinyl.com\/blog\/index.php?rest_route=\/wp\/v2\/pages\/3753\/revisions"}],"predecessor-version":[{"id":4032,"href":"https:\/\/www.burnttoastvinyl.com\/blog\/index.php?rest_route=\/wp\/v2\/pages\/3753\/revisions\/4032"}],"up":[{"embeddable":true,"href":"https:\/\/www.burnttoastvinyl.com\/blog\/index.php?rest_route=\/wp\/v2\/pages\/2970"}],"wp:attachment":[{"href":"https:\/\/www.burnttoastvinyl.com\/blog\/index.php?rest_route=%2Fwp%2Fv2%2Fmedia&parent=3753"}],"curies":[{"name":"wp","href":"https:\/\/api.w.org\/{rel}","templated":true}]}}