{"id":2128,"date":"2013-12-02T20:11:33","date_gmt":"2013-12-03T00:11:33","guid":{"rendered":"http:\/\/www.burnttoastvinyl.com\/blog\/?page_id=2128"},"modified":"2020-05-30T12:32:10","modified_gmt":"2020-05-30T16:32:10","slug":"btv070-btv061","status":"publish","type":"page","link":"https:\/\/www.burnttoastvinyl.com\/blog\/?page_id=2128","title":{"rendered":"BTV070 &#8211; BTV061"},"content":{"rendered":"<table width=\"533\" border=\"0\" cellspacing=\"0\" cellpadding=\"20\">\n<tbody>\n<tr>\n<td class=\"newclass\" width=\"100\"><a href=\"releases\/btv070.html\"><img loading=\"lazy\" decoding=\"async\" alt=\"\" src=\"http:\/\/www.burnttoastvinyl.com\/new\/images\/album_covers\/releases\/btv070.gif\" width=\"100\" height=\"100\" border=\"0\"><\/a><\/td>\n<td class=\"smallclass\" valign=\"bottom\" width=\"353\">Saxon Shore<br \/>\nThe Exquisite Death of Saxon Shore (btv070) cd\/LP<br \/>\n<a href=\"http:\/\/www.burnttoastvinyl.com\/blog\/?page_id=1909\">More info<\/a><br \/>\n<a href=\"http:\/\/btv.foxhole.info\/btvstore\/index.php?main_page=product_info&amp;cPath=38_39&amp;products_id=88\" target=\"_new\" rel=\"noopener noreferrer\">Buy Online<\/a><\/td>\n<\/tr>\n<tr>\n<td class=\"smallclass\" valign=\"top\"><a href=\"releases\/btv069d.html\"><img loading=\"lazy\" decoding=\"async\" alt=\"\" src=\"http:\/\/www.burnttoastvinyl.com\/new\/images\/album_covers\/releases\/btv069d.gif\" width=\"100\" height=\"100\" border=\"0\"><\/a><\/td>\n<td class=\"smallclass\" valign=\"bottom\">Questions in Dialect<br \/>\nThe Ghost Wishes to Speak (btv069d) cdep\/2xLP<br \/>\n<a href=\"http:\/\/www.burnttoastvinyl.com\/blog\/?page_id=1911\">More info<\/a><br \/>\n<a href=\"http:\/\/btv.foxhole.info\/btvstore\/index.php?main_page=product_info&amp;cPath=38_39&amp;products_id=86\" target=\"_new\" rel=\"noopener noreferrer\">Buy Online<\/a><\/td>\n<\/tr>\n<tr>\n<td class=\"smallclass\" valign=\"top\"><a href=\"releases\/btv069c.html\"><img loading=\"lazy\" decoding=\"async\" alt=\"\" src=\"http:\/\/www.burnttoastvinyl.com\/new\/images\/album_covers\/releases\/btv069c.gif\" width=\"100\" height=\"100\" border=\"0\"><\/a><\/td>\n<td class=\"smallclass\" valign=\"bottom\">Soporus<br \/>\nAt\u00f3mov\u00e9 Elektr\u00e1rne (btv069c) cdep\/2xLP<br \/>\n<a href=\"http:\/\/www.burnttoastvinyl.com\/blog\/?page_id=1914\">More info<\/a><br \/>\n<a href=\"http:\/\/btv.foxhole.info\/btvstore\/index.php?main_page=product_info&amp;cPath=38_39&amp;products_id=85\" target=\"_new\" rel=\"noopener noreferrer\">Buy Online<\/a><\/td>\n<\/tr>\n<tr>\n<td class=\"smallclass\" valign=\"top\"><a href=\"releases\/btv069b.html\"><img loading=\"lazy\" decoding=\"async\" alt=\"\" src=\"http:\/\/www.burnttoastvinyl.com\/new\/images\/album_covers\/releases\/btv069b.gif\" width=\"100\" height=\"100\" border=\"0\"><\/a><\/td>\n<td class=\"smallclass\" valign=\"bottom\">The Magic Lantern<br \/>\ns\/t (btv069b) cdep\/2xLP<br \/>\n<a href=\"http:\/\/www.burnttoastvinyl.com\/blog\/?page_id=1916\">More info<\/a><br \/>\n<a href=\"http:\/\/btv.foxhole.info\/btvstore\/index.php?main_page=product_info&amp;cPath=38_39&amp;products_id=84\" target=\"_new\" rel=\"noopener noreferrer\">Buy Online<\/a><\/td>\n<\/tr>\n<tr>\n<td class=\"smallclass\" valign=\"top\"><a href=\"releases\/btv069a.html\"><img loading=\"lazy\" decoding=\"async\" alt=\"\" src=\"http:\/\/www.burnttoastvinyl.com\/new\/images\/album_covers\/releases\/btv069a.gif\" width=\"100\" height=\"100\" border=\"0\"><\/a><\/td>\n<td class=\"smallclass\" valign=\"bottom\">Foxhole<br \/>\nPush\/Pull (btv069a) cdep\/2xLP<\/p>\n<p><a href=\"http:\/\/www.burnttoastvinyl.com\/blog\/?page_id=1919\">More info<\/a><br \/>\n<a href=\"http:\/\/btv.foxhole.info\/btvstore\/index.php?main_page=product_info&amp;cPath=38_39&amp;products_id=83\">Buy Online<\/a><\/td>\n<\/tr>\n<tr>\n<td class=\"smallclass\" valign=\"top\"><a href=\"releases\/btv068.html\"><img loading=\"lazy\" decoding=\"async\" alt=\"\" src=\"http:\/\/www.burnttoastvinyl.com\/new\/images\/album_covers\/releases\/btv068.gif\" width=\"100\" height=\"100\" border=\"0\"><\/a><\/td>\n<td class=\"smallclass\" valign=\"bottom\">Starflyer 59<br \/>\nTalking Voice Vs. Singing Voice (btv068) LP<\/p>\n<p><a href=\"http:\/\/www.burnttoastvinyl.com\/blog\/?page_id=1921\">More info<\/a><br \/>\n<a href=\"http:\/\/btv.foxhole.info\/btvstore\/index.php?main_page=product_info&amp;cPath=38_39&amp;products_id=109\" target=\"_new\" rel=\"noopener noreferrer\">Buy Online<\/a><\/td>\n<\/tr>\n<tr>\n<td class=\"smallclass\" valign=\"top\"><a href=\"releases\/btv067.html\"><img loading=\"lazy\" decoding=\"async\" alt=\"\" src=\"http:\/\/www.burnttoastvinyl.com\/new\/images\/album_covers\/releases\/btv067.gif\" width=\"100\" height=\"100\" border=\"0\"><\/a><\/td>\n<td class=\"smallclass\" valign=\"bottom\">June Panic<br \/>\nRaising the Canopy Wire (btv067) one-sided LP<\/p>\n<p><a href=\"http:\/\/www.burnttoastvinyl.com\/blog\/?page_id=1923\">More info<\/a><br \/>\n<a href=\"http:\/\/btv.foxhole.info\/btvstore\/index.php?main_page=product_info&amp;cPath=38_39&amp;products_id=80\" target=\"_new\" rel=\"noopener noreferrer\">Buy Online<\/a><\/td>\n<\/tr>\n<tr>\n<td class=\"smallclass\" valign=\"top\"><a href=\"releases\/btv066.html\"><img loading=\"lazy\" decoding=\"async\" alt=\"\" src=\"http:\/\/www.burnttoastvinyl.com\/new\/images\/album_covers\/releases\/btv066.gif\" width=\"100\" height=\"100\" border=\"0\"><\/a><\/td>\n<td class=\"smallclass\" valign=\"bottom\">Saxon Shore<br \/>\nLuck Will Not Save Us from a Jackpot of Nothing (btv066) cdep<\/p>\n<p><a href=\"http:\/\/www.burnttoastvinyl.com\/blog\/?page_id=1925\">More info<\/a><br \/>\n<a href=\"http:\/\/btv.foxhole.info\/btvstore\/index.php?main_page=product_info&amp;cPath=38_40&amp;products_id=79\" target=\"_new\" rel=\"noopener noreferrer\">Buy Online<\/a><\/td>\n<\/tr>\n<tr>\n<td class=\"smallclass\" valign=\"top\"><a href=\"releases\/btv065.html\"><img loading=\"lazy\" decoding=\"async\" alt=\"\" src=\"http:\/\/www.burnttoastvinyl.com\/new\/images\/album_covers\/releases\/btv065.gif\" width=\"100\" height=\"100\" border=\"0\"><\/a><\/td>\n<td class=\"smallclass\" valign=\"bottom\">Saxon Shore<br \/>\nBe a Bright Blue (btv065) cd<\/p>\n<p><a href=\"http:\/\/www.burnttoastvinyl.com\/blog\/?page_id=1927\">More info<\/a><br \/>\n<a href=\"http:\/\/btv.foxhole.info\/btvstore\/index.php?main_page=product_info&amp;cPath=38_40&amp;products_id=78\" target=\"_new\" rel=\"noopener noreferrer\">Buy Online<\/a><\/td>\n<\/tr>\n<tr>\n<td class=\"smallclass\" valign=\"top\"><a href=\"releases\/btv064.html\"><img loading=\"lazy\" decoding=\"async\" alt=\"\" src=\"http:\/\/www.burnttoastvinyl.com\/new\/images\/album_covers\/releases\/btv064.gif\" width=\"100\" height=\"100\" border=\"0\"><\/a><\/td>\n<td class=\"smallclass\" valign=\"bottom\">Bosque Brown<br \/>\nBosque Brown Plays Mara Lee Miller (btv064) cd<\/p>\n<p><a href=\"http:\/\/www.burnttoastvinyl.com\/blog\/?page_id=1930\">More info<\/a><br \/>\n<a href=\"http:\/\/btv.foxhole.info\/btvstore\/index.php?main_page=product_info&amp;cPath=38_40&amp;products_id=77\" target=\"_new\" rel=\"noopener noreferrer\">Buy Online<\/a><\/td>\n<\/tr>\n<tr>\n<td class=\"smallclass\" valign=\"top\"><a href=\"releases\/btv063.html\"><img loading=\"lazy\" decoding=\"async\" alt=\"\" src=\"http:\/\/www.burnttoastvinyl.com\/new\/images\/album_covers\/releases\/btv063.gif\" width=\"100\" height=\"100\" border=\"0\"><\/a><\/td>\n<td class=\"smallclass\" valign=\"bottom\">Mount Eerie<br \/>\nLive in Copenhagen (btv063) 3xLP<br \/>\n<a href=\"http:\/\/www.burnttoastvinyl.com\/blog\/?page_id=1932\">More info<\/a><br \/>\n<a href=\"http:\/\/btv.foxhole.info\/btvstore\/index.php?main_page=product_info&amp;cPath=38_39&amp;products_id=793\">Buy Online<\/a><\/td>\n<\/tr>\n<tr>\n<td class=\"smallclass\" valign=\"top\"><a href=\"releases\/btv062.html\"><img loading=\"lazy\" decoding=\"async\" alt=\"\" src=\"http:\/\/www.burnttoastvinyl.com\/new\/images\/album_covers\/releases\/btv062.gif\" width=\"100\" height=\"100\" border=\"0\"><\/a><\/td>\n<td class=\"smallclass\" valign=\"bottom\">Wovenhand<br \/>\nConsider the Birds (btv062) LP<br \/>\n<a href=\"http:\/\/www.burnttoastvinyl.com\/blog\/?page_id=1934\">More info<\/a><br \/>\n<a href=\"http:\/\/btv.foxhole.info\/btvstore\/index.php?main_page=product_info&amp;cPath=38_39&amp;products_id=76\" target=\"_new\" rel=\"noopener noreferrer\">Buy Online<\/a><\/td>\n<\/tr>\n<tr>\n<td class=\"smallclass\" valign=\"top\"><a href=\"releases\/btv061.html\"><img loading=\"lazy\" decoding=\"async\" alt=\"\" src=\"http:\/\/www.burnttoastvinyl.com\/new\/images\/album_covers\/releases\/btv061.gif\" width=\"100\" height=\"100\" border=\"0\"><\/a><\/td>\n<td class=\"smallclass\" valign=\"bottom\">Damien Jurado<br \/>\nThis Fabulous Century (btv061) LP<br \/>\n<a href=\"http:\/\/www.burnttoastvinyl.com\/blog\/?page_id=1936\">More info<\/a><br \/>\n<a href=\"http:\/\/btv.foxhole.info\/btvstore\/index.php?main_page=product_info&amp;cPath=38_39&amp;products_id=75\" target=\"_new\" rel=\"noopener noreferrer\">Buy Online<\/a><\/td>\n<\/tr>\n<\/tbody>\n<\/table>\n","protected":false},"excerpt":{"rendered":"<p>Saxon Shore The Exquisite Death of Saxon Shore (btv070) cd\/LP More info Buy Online Questions in Dialect The Ghost Wishes to Speak (btv069d) cdep\/2xLP More info Buy Online Soporus At\u00f3mov\u00e9 Elektr\u00e1rne (btv069c) cdep\/2xLP More info Buy Online The Magic Lantern s\/t (btv069b) cdep\/2xLP More info Buy Online Foxhole Push\/Pull (btv069a) cdep\/2xLP More info Buy Online Starflyer 59 Talking Voice Vs. Singing Voice (btv068) LP More info Buy Online June Panic Raising the Canopy Wire (btv067) one-sided LP More info Buy Online Saxon Shore Luck Will Not Save Us from a Jackpot of Nothing (btv066) cdep More info Buy Online Saxon Shore Be a Bright Blue (btv065) cd More info Buy Online Bosque Brown Bosque Brown Plays Mara Lee Miller (btv064) cd More info Buy Online Mount Eerie Live in Copenhagen (btv063) 3xLP More info Buy Online Wovenhand Consider the Birds (btv062) LP More info Buy Online Damien Jurado This Fabulous Century (btv061) LP More info Buy Online<\/p>\n","protected":false},"author":2,"featured_media":0,"parent":1759,"menu_order":0,"comment_status":"closed","ping_status":"closed","template":"","meta":{"footnotes":""},"class_list":["post-2128","page","type-page","status-publish","hentry"],"_links":{"self":[{"href":"https:\/\/www.burnttoastvinyl.com\/blog\/index.php?rest_route=\/wp\/v2\/pages\/2128","targetHints":{"allow":["GET"]}}],"collection":[{"href":"https:\/\/www.burnttoastvinyl.com\/blog\/index.php?rest_route=\/wp\/v2\/pages"}],"about":[{"href":"https:\/\/www.burnttoastvinyl.com\/blog\/index.php?rest_route=\/wp\/v2\/types\/page"}],"author":[{"embeddable":true,"href":"https:\/\/www.burnttoastvinyl.com\/blog\/index.php?rest_route=\/wp\/v2\/users\/2"}],"replies":[{"embeddable":true,"href":"https:\/\/www.burnttoastvinyl.com\/blog\/index.php?rest_route=%2Fwp%2Fv2%2Fcomments&post=2128"}],"version-history":[{"count":4,"href":"https:\/\/www.burnttoastvinyl.com\/blog\/index.php?rest_route=\/wp\/v2\/pages\/2128\/revisions"}],"predecessor-version":[{"id":3657,"href":"https:\/\/www.burnttoastvinyl.com\/blog\/index.php?rest_route=\/wp\/v2\/pages\/2128\/revisions\/3657"}],"up":[{"embeddable":true,"href":"https:\/\/www.burnttoastvinyl.com\/blog\/index.php?rest_route=\/wp\/v2\/pages\/1759"}],"wp:attachment":[{"href":"https:\/\/www.burnttoastvinyl.com\/blog\/index.php?rest_route=%2Fwp%2Fv2%2Fmedia&parent=2128"}],"curies":[{"name":"wp","href":"https:\/\/api.w.org\/{rel}","templated":true}]}}