{"id":1919,"date":"2013-12-02T17:29:02","date_gmt":"2013-12-02T21:29:02","guid":{"rendered":"http:\/\/www.burnttoastvinyl.com\/blog\/?page_id=1919"},"modified":"2020-11-25T22:24:47","modified_gmt":"2020-11-26T02:24:47","slug":"btv069a-foxhole-pushpull","status":"publish","type":"page","link":"https:\/\/www.burnttoastvinyl.com\/blog\/?page_id=1919","title":{"rendered":"BTV069a Foxhole : Push\/Pull"},"content":{"rendered":"<table border=\"0\" width=\"540\" cellspacing=\"0\" cellpadding=\"15\">\n<tbody>\n<tr>\n<td valign=\"top\" width=\"39%\"><img loading=\"lazy\" decoding=\"async\" src=\"http:\/\/burnttoastvinyl.com\/new\/releases\/images\/btv069a.gif\" alt=\"\" width=\"216\" height=\"216\" align=\"absbottom\" \/><\/td>\n<td class=\"smallclass\" align=\"left\" valign=\"bottom\" width=\"61%\">Foxhole<br \/>\nPush\/Pull (btv069a)<br \/>\n<a href=\"http:\/\/btv.foxhole.info\/btvstore\/index.php?main_page=product_info&amp;cPath=0&amp;products_id=83\">Buy Online<\/a>\u00a0| cdep\/<a href=\"https:\/\/btv.foxhole.info\/btvstore\/index.php?main_page=product_info&amp;cPath=0&amp;products_id=82\">2xLP<\/a><br \/>\nTrack listing:<br \/>\n1. Wake up, Get Dressed, We&#8217;re Sinking<br \/>\n2. Torrents<br \/>\n3. Portsmouth<br \/>\n4. Forgiving Monarch<br \/>\n5. Song for Wesley<\/td>\n<\/tr>\n<tr>\n<td colspan=\"2\" valign=\"top\">\n<p>The album was self recorded at The Annex, The Sanctuary, and Justin&#8217;s coffeeshop in Bowling Green, KY and mixed and mastered by Jason in his Nashville studio. Early in the year, Foxhole will be starting work early on their sophomore full-length to be released on Burnt Toast Vinyl. We the Wintering Tree will also be re-issued on Burnt Toast Vinyl during 2007.<\/p>\n<p>This is part of a four instrumental band series where each band was commissioned to fill an LP side with new music. Burnt Toast Vinyl will be releasing the four bands together as one double-LP set, but also as individual cdeps. The series includes Foxhole&#8217;s Push\/Pull, The Magic Lantern&#8217;s s\/t, Soporus&#8217; At\u00f3mov\u00e9 Elektr\u00e1rne, and Questions in Dialect&#8217;s The Ghost Wishes to Speak.<\/td>\n<\/tr>\n<\/tbody>\n<\/table>\n","protected":false},"excerpt":{"rendered":"<p>Foxhole Push\/Pull (btv069a) Buy Online\u00a0| cdep\/2xLP Track listing: 1. Wake up, Get Dressed, We&#8217;re Sinking 2. Torrents 3. Portsmouth 4. Forgiving Monarch 5. Song for Wesley The album was self recorded at The Annex, The Sanctuary, and Justin&#8217;s coffeeshop in Bowling Green, KY and mixed and mastered by Jason in his Nashville studio. Early in the year, Foxhole will be starting work early on their sophomore full-length to be released on Burnt Toast Vinyl. We the Wintering Tree will also be re-issued on Burnt Toast Vinyl during 2007. This is part of a four instrumental band series where each band was commissioned to fill an LP side with new music. Burnt Toast Vinyl will be releasing the four bands together as one double-LP set, but also as individual cdeps. The series includes Foxhole&#8217;s Push\/Pull, The Magic Lantern&#8217;s s\/t, Soporus&#8217; At\u00f3mov\u00e9 Elektr\u00e1rne, and Questions in Dialect&#8217;s The Ghost Wishes to Speak.<\/p>\n","protected":false},"author":2,"featured_media":0,"parent":2128,"menu_order":0,"comment_status":"closed","ping_status":"closed","template":"","meta":{"footnotes":""},"class_list":["post-1919","page","type-page","status-publish","hentry"],"_links":{"self":[{"href":"https:\/\/www.burnttoastvinyl.com\/blog\/index.php?rest_route=\/wp\/v2\/pages\/1919","targetHints":{"allow":["GET"]}}],"collection":[{"href":"https:\/\/www.burnttoastvinyl.com\/blog\/index.php?rest_route=\/wp\/v2\/pages"}],"about":[{"href":"https:\/\/www.burnttoastvinyl.com\/blog\/index.php?rest_route=\/wp\/v2\/types\/page"}],"author":[{"embeddable":true,"href":"https:\/\/www.burnttoastvinyl.com\/blog\/index.php?rest_route=\/wp\/v2\/users\/2"}],"replies":[{"embeddable":true,"href":"https:\/\/www.burnttoastvinyl.com\/blog\/index.php?rest_route=%2Fwp%2Fv2%2Fcomments&post=1919"}],"version-history":[{"count":4,"href":"https:\/\/www.burnttoastvinyl.com\/blog\/index.php?rest_route=\/wp\/v2\/pages\/1919\/revisions"}],"predecessor-version":[{"id":3821,"href":"https:\/\/www.burnttoastvinyl.com\/blog\/index.php?rest_route=\/wp\/v2\/pages\/1919\/revisions\/3821"}],"up":[{"embeddable":true,"href":"https:\/\/www.burnttoastvinyl.com\/blog\/index.php?rest_route=\/wp\/v2\/pages\/2128"}],"wp:attachment":[{"href":"https:\/\/www.burnttoastvinyl.com\/blog\/index.php?rest_route=%2Fwp%2Fv2%2Fmedia&parent=1919"}],"curies":[{"name":"wp","href":"https:\/\/api.w.org\/{rel}","templated":true}]}}